{"id":16579,"date":"2020-10-16T12:37:08","date_gmt":"2020-10-16T10:37:08","guid":{"rendered":"https:\/\/nicolas-lambert.com\/?page_id=16579"},"modified":"2023-08-07T16:02:06","modified_gmt":"2023-08-07T14:02:06","slug":"about-me","status":"publish","type":"page","link":"https:\/\/nicolas-lambert.com\/index.php\/about-me\/","title":{"rendered":"About me"},"content":{"rendered":"<p>[vc_section][vc_row][vc_column width=&#8221;2\/3&#8243;][vc_column_text css=&#8221;.vc_custom_1630328881374{background-position: center !important;background-repeat: no-repeat !important;background-size: contain !important;}&#8221;]<\/p>\n<div class=\"vc_empty_space\" style=\"text-align: center;\"><\/div>\n<div class=\"wpb_text_column wpb_content_element vc_custom_1602081329450\">\n<div class=\"wpb_wrapper\">\n<h2 style=\"text-align: center;\">Let me tell you a little bit about myself&#8230;<\/h2>\n<p>&nbsp;<\/p>\n<p style=\"text-align: center;\">Currently I\u2019m the Senior Executive Pastry Chef of both Four Seasons Hotels in Dubai, Jumeirah beach and DIFC.<br \/>\nHaving joined the team in 2021 from St. Petersburg, where I was the Executive Pastry Chef at Four Seasons Hotel Lion Palace St. Petersburg.<\/p>\n<p style=\"text-align: center;\">Coming from a family of\u00a0<i>boulangers<\/i>\u00a0and\u00a0<i>patissiers<\/i>, it was perhaps inevitable that my twin brother and I should follow in the same footsteps.<\/p>\n<p style=\"text-align: center;\">The seeds of pastry making were planted in me since the age of two.<\/p>\n<p style=\"text-align: center;\">I learned the craft and rigor of baking at the feet of my parents in their quaint bakery in Epinal, France.<\/p>\n<p style=\"text-align: center;\">My mother and father still bake croissants and baguettes there every morning.<\/p>\n<p style=\"text-align: center;\">My career started at 15 years old by shadowing Philippe Torti at P\u00e2tisserie du Mus\u00e9e at Epinal, where I worked as an apprentice while studying simultaneously.<\/p>\n<p style=\"text-align: center;\">After 5 years and 3 diplomas, it was time to leave the nest.<\/p>\n<p style=\"text-align: center;\">First stop Nancy, working at Patisserie Yves Musquar for my first experience in the working world.<\/p>\n<p style=\"text-align: center;\">It was not too long before an amazing opportunity presented itself and I took it without any hesitation.<\/p>\n<p style=\"text-align: center;\">They were looking for a commis in Lyon at Patisserie Sebastien Bouillet, so I went to do a try out and was rewarded by being offered a job there.<\/p>\n<p style=\"text-align: center;\">Here I got to experience huge production loads whilst remaining an artisanal pastry shop.<\/p>\n<p style=\"text-align: center;\">It was also where I did my first pastry competition, which I won and became the youngest winner of the Festival National de Croquembouches.<\/p>\n<p style=\"text-align: center;\">2 and a half years later I moved on to Paris, to work at The Plaza Athene as a Chef de Partie under one of the greats, Christophe Michalak\u00a0(World Pastry Champion 2005).<\/p>\n<p style=\"text-align: center;\">Hotel business was a whole new experience, one that I enjoyed and really milked for every ounce of learning.<\/p>\n<p style=\"text-align: center;\">During my time in Paris, I enlisted in another competition, the Troph\u00e9e Pascal Caffet and won the Prix Sp\u00e9cial Pr\u00e9sentation Bonbons.<\/p>\n<p style=\"text-align: center;\">I like to think destiny intervened, when 2 years later I moved to the south of France, in Cannes to work as the Sous-Chef for Jerome de Oliveira\u00a0(World Pastry Champion 2009).<\/p>\n<p style=\"text-align: center;\">Because a month into my new job an intern arrived who would later become my wife.<\/p>\n<p style=\"text-align: center;\">Here I was lucky to experience a young company in the middle of its blooming!<\/p>\n<p style=\"text-align: center;\">We had a big production kitchen, managed a great team, received interns from many international schools and opened up new boutiques.<\/p>\n<p style=\"text-align: center;\">A couple of years passed and I felt as though I had learned and traveled all around France and it was time to experience the international world.<\/p>\n<\/div>\n<\/div>\n<p>[\/vc_column_text][vc_row_inner][vc_column_inner][vc_column_text css=&#8221;.vc_custom_1630328943046{background-position: center !important;background-repeat: no-repeat !important;background-size: contain !important;}&#8221;]<\/p>\n<p style=\"text-align: center;\">I moved to Hong Kong for my first\u00a0Pastry Chef at the two Michelin-starred restaurant Caprice.<\/p>\n<p style=\"text-align: center;\">Small little detail, I did not speak a word of English!<\/p>\n<p style=\"text-align: center;\">It was a straight up battle from the beginning, between learning the ropes of a Michelin starred restaurant, adapting to life in a foreign country and managing a team of Hongkongers and learning a new language!<\/p>\n<p style=\"text-align: center;\">It was a crazy, all-around growth experience and I loved it.<\/p>\n<p style=\"text-align: center;\">All my struggle was quickly rewarded when 6 months into my life in HK I was elected\u00a0Best Pastry Chef 2016 for Hong Kong and Macau by Tatler Magazine.<\/p>\n<p style=\"text-align: center;\">I lived in HK for 3 years but I feel like it would have taken me 6 years in France to gain the same work experience.<\/p>\n<p style=\"text-align: center;\">HK is a city that lives constantly on the fast track.<\/p>\n<p style=\"text-align: center;\">Specially in the restaurant world,\u00a0every day\u00a0feels<b>\u00a0<\/b>like a Saturday night!<\/p>\n<p style=\"text-align: center;\">My hard work payed off again with the award for Best Pastry Chef 2018 for Hong Kong and Macau by Tatler Magazine.<\/p>\n<p style=\"text-align: center;\">Leaving HK was bittersweet as I was in need of a new challenge but also felt grateful for everything it had given me.<\/p>\n<p style=\"text-align: center;\">And my parting gift was to be chosen as the youngest ever Asia\u2019s Best Pastry Chef\u00a02018 according to The World\u2019s 50 Best Restaurants.<\/p>\n<div class=\"wpb_text_column wpb_content_element vc_custom_1595256133267\">\n<div class=\"wpb_wrapper\">\n<p style=\"text-align: center;\">Next stop, Russia!<\/p>\n<p style=\"text-align: center;\">My experience in St Petersburg has exceeded all of my expectations as I have met amazing people, enjoyed the changing seasons and learned about the Russian culture.<\/p>\n<p style=\"text-align: center;\">And this city has been engraved forever in my soul because I became a father here.<\/p>\n<\/div>\n<p>As all good things must come to an end, my Russian journey ended after 3 years.<\/p>\n<p>I was very honored to be presented move in\u00a0United Arab Emirates, so now Dubai the best is yet to come!<\/p>\n<\/div>\n<p>[\/vc_column_text][\/vc_column_inner][\/vc_row_inner][vc_row_inner][vc_column_inner][vc_images_carousel images=&#8221;16689,16510,16505,16687,16436,16408,16432,16317&#8243; img_size=&#8221;MEDIUM&#8221; autoplay=&#8221;yes&#8221;][\/vc_column_inner][\/vc_row_inner][\/vc_column][vc_column width=&#8221;1\/3&#8243;][vc_separator][vc_single_image image=&#8221;16748&#8243; img_size=&#8221;large&#8221; alignment=&#8221;center&#8221;][vc_single_image image=&#8221;16570&#8243; img_size=&#8221;large&#8221; alignment=&#8221;center&#8221;]\t<blockquote class=\"style-1\">\n\t\n\t\tAll my struggle was quickly rewarded when 6 months into my life in HK I was elected Best Pastry Chef 2016 for Hong Kong and Macau by Tatler Magazine.\t\t\n\t\t\t\t\n\t\t\t\t\t\n\t<\/blockquote>\n\t[vc_empty_space height=&#8221;100px&#8221;][vc_column_text]<\/p>\n<p style=\"text-align: center;\"><em>2022<\/em><br \/>\n<em>Pastry Chef of the Year 2022 by Gault &amp; Millau.<\/em><\/p>\n<p style=\"text-align: center;\"><em>2022<\/em><br \/>\n<em>Hotel Pastry Chef of the Year 2022 by Caterer Middle East.<\/em><\/p>\n<p style=\"text-align: center;\"><em>2021<\/em><br \/>\n<em>Pastry Chef of the Year 2021 by Relais Desserts International.<\/em><\/p>\n<p style=\"text-align: center;\"><em>2018<\/em><br \/>\n<em>Asia\u2019s Best Pastry Chef by The World&#8217;s 50 Best Restaurants.<\/em><\/p>\n<p style=\"text-align: center;\"><em>2018<\/em><br \/>\n<em>Best Pastry Chef Hong Kong and Macau by Tatler Awards.<\/em><\/p>\n<p style=\"text-align: center;\"><em>2016<\/em><br \/>\n<em>Best Pastry Chef Hong Kong and Macau by Tatler Awards.<\/em><\/p>\n<p style=\"text-align: center;\"><em>2012<\/em><br \/>\n<em>1<sup>er<\/sup> Price Chocolate Display \u00ab 13 \u00e8me Troph\u00e9e Pascal Caffet \u00bb.<\/em><\/p>\n<p style=\"text-align: center;\"><em>2010<\/em><br \/>\n<em>1<sup>er<\/sup>\u00a0Price Adult Category \u00ab 6<sup>\u00e8me<\/sup>\u00a0Festival National des Croquembouches \u00bb.<\/em><\/p>\n<p style=\"text-align: center;\"><em>\u00a02006<\/em><br \/>\n<em>Participated in the regional selection of the trade Olympics &#8211; Nancy, France.<\/em><\/p>\n<p style=\"text-align: center;\"><em>2005<\/em><br \/>\n<em>Participated in\u00a0\u00ab Meilleur Apprenti de France \u00bb &#8211;\u00a0R\u00e9gion Lorraine, France.<\/em><\/p>\n<p>[\/vc_column_text][\/vc_column][\/vc_row][\/vc_section][vc_row][vc_column][\/vc_column][\/vc_row]<\/p>\n","protected":false},"excerpt":{"rendered":"<p>[vc_section][vc_row][vc_column width=&#8221;2\/3&#8243;][vc_column_text css=&#8221;.vc_custom_1630328881374{background-position: center !important;background-repeat: no-repeat !important;background-size: contain !important;}&#8221;] Let me tell you a little bit about myself&#8230; &nbsp; Currently I\u2019m the Senior Executive Pastry Chef of both Four Seasons Hotels in Dubai, Jumeirah beach and DIFC. Having joined the team in 2021 from St. Petersburg, where I was the Executive Pastry Chef at Four [&hellip;]<\/p>\n","protected":false},"author":1,"featured_media":0,"parent":0,"menu_order":0,"comment_status":"closed","ping_status":"closed","template":"","meta":[],"yoast_head":"<!-- This site is optimized with the Yoast SEO plugin v20.1 - https:\/\/yoast.com\/wordpress\/plugins\/seo\/ -->\n<title>About me - Nicolas Lambert<\/title>\n<meta name=\"robots\" content=\"index, follow, max-snippet:-1, max-image-preview:large, max-video-preview:-1\" \/>\n<link rel=\"canonical\" href=\"https:\/\/nicolas-lambert.com\/index.php\/about-me\/\" \/>\n<meta property=\"og:locale\" content=\"en_GB\" \/>\n<meta property=\"og:type\" content=\"article\" \/>\n<meta property=\"og:title\" content=\"About me - Nicolas Lambert\" \/>\n<meta property=\"og:description\" content=\"[vc_section][vc_row][vc_column width=&#8221;2\/3&#8243;][vc_column_text css=&#8221;.vc_custom_1630328881374{background-position: center !important;background-repeat: no-repeat !important;background-size: contain !important;}&#8221;] Let me tell you a little bit about myself&#8230; &nbsp; Currently I\u2019m the Senior Executive Pastry Chef of both Four Seasons Hotels in Dubai, Jumeirah beach and DIFC. Having joined the team in 2021 from St. Petersburg, where I was the Executive Pastry Chef at Four [&hellip;]\" \/>\n<meta property=\"og:url\" content=\"https:\/\/nicolas-lambert.com\/index.php\/about-me\/\" \/>\n<meta property=\"og:site_name\" content=\"Nicolas Lambert\" \/>\n<meta property=\"article:modified_time\" content=\"2023-08-07T14:02:06+00:00\" \/>\n<meta name=\"twitter:card\" content=\"summary_large_image\" \/>\n<meta name=\"twitter:label1\" content=\"Estimated reading time\" \/>\n\t<meta name=\"twitter:data1\" content=\"5 minutes\" \/>\n<script type=\"application\/ld+json\" class=\"yoast-schema-graph\">{\"@context\":\"https:\/\/schema.org\",\"@graph\":[{\"@type\":\"WebPage\",\"@id\":\"https:\/\/nicolas-lambert.com\/index.php\/about-me\/\",\"url\":\"https:\/\/nicolas-lambert.com\/index.php\/about-me\/\",\"name\":\"About me - Nicolas Lambert\",\"isPartOf\":{\"@id\":\"https:\/\/nicolas-lambert.com\/#website\"},\"datePublished\":\"2020-10-16T10:37:08+00:00\",\"dateModified\":\"2023-08-07T14:02:06+00:00\",\"breadcrumb\":{\"@id\":\"https:\/\/nicolas-lambert.com\/index.php\/about-me\/#breadcrumb\"},\"inLanguage\":\"en-GB\",\"potentialAction\":[{\"@type\":\"ReadAction\",\"target\":[\"https:\/\/nicolas-lambert.com\/index.php\/about-me\/\"]}]},{\"@type\":\"BreadcrumbList\",\"@id\":\"https:\/\/nicolas-lambert.com\/index.php\/about-me\/#breadcrumb\",\"itemListElement\":[{\"@type\":\"ListItem\",\"position\":1,\"name\":\"Home\",\"item\":\"https:\/\/nicolas-lambert.com\/\"},{\"@type\":\"ListItem\",\"position\":2,\"name\":\"About me\"}]},{\"@type\":\"WebSite\",\"@id\":\"https:\/\/nicolas-lambert.com\/#website\",\"url\":\"https:\/\/nicolas-lambert.com\/\",\"name\":\"Nicolas Lambert\",\"description\":\"Pastry Chef\",\"potentialAction\":[{\"@type\":\"SearchAction\",\"target\":{\"@type\":\"EntryPoint\",\"urlTemplate\":\"https:\/\/nicolas-lambert.com\/?s={search_term_string}\"},\"query-input\":\"required name=search_term_string\"}],\"inLanguage\":\"en-GB\"}]}<\/script>\n<!-- \/ Yoast SEO plugin. -->","yoast_head_json":{"title":"About me - Nicolas Lambert","robots":{"index":"index","follow":"follow","max-snippet":"max-snippet:-1","max-image-preview":"max-image-preview:large","max-video-preview":"max-video-preview:-1"},"canonical":"https:\/\/nicolas-lambert.com\/index.php\/about-me\/","og_locale":"en_GB","og_type":"article","og_title":"About me - Nicolas Lambert","og_description":"[vc_section][vc_row][vc_column width=&#8221;2\/3&#8243;][vc_column_text css=&#8221;.vc_custom_1630328881374{background-position: center !important;background-repeat: no-repeat !important;background-size: contain !important;}&#8221;] Let me tell you a little bit about myself&#8230; &nbsp; Currently I\u2019m the Senior Executive Pastry Chef of both Four Seasons Hotels in Dubai, Jumeirah beach and DIFC. Having joined the team in 2021 from St. Petersburg, where I was the Executive Pastry Chef at Four [&hellip;]","og_url":"https:\/\/nicolas-lambert.com\/index.php\/about-me\/","og_site_name":"Nicolas Lambert","article_modified_time":"2023-08-07T14:02:06+00:00","twitter_card":"summary_large_image","twitter_misc":{"Estimated reading time":"5 minutes"},"schema":{"@context":"https:\/\/schema.org","@graph":[{"@type":"WebPage","@id":"https:\/\/nicolas-lambert.com\/index.php\/about-me\/","url":"https:\/\/nicolas-lambert.com\/index.php\/about-me\/","name":"About me - Nicolas Lambert","isPartOf":{"@id":"https:\/\/nicolas-lambert.com\/#website"},"datePublished":"2020-10-16T10:37:08+00:00","dateModified":"2023-08-07T14:02:06+00:00","breadcrumb":{"@id":"https:\/\/nicolas-lambert.com\/index.php\/about-me\/#breadcrumb"},"inLanguage":"en-GB","potentialAction":[{"@type":"ReadAction","target":["https:\/\/nicolas-lambert.com\/index.php\/about-me\/"]}]},{"@type":"BreadcrumbList","@id":"https:\/\/nicolas-lambert.com\/index.php\/about-me\/#breadcrumb","itemListElement":[{"@type":"ListItem","position":1,"name":"Home","item":"https:\/\/nicolas-lambert.com\/"},{"@type":"ListItem","position":2,"name":"About me"}]},{"@type":"WebSite","@id":"https:\/\/nicolas-lambert.com\/#website","url":"https:\/\/nicolas-lambert.com\/","name":"Nicolas Lambert","description":"Pastry Chef","potentialAction":[{"@type":"SearchAction","target":{"@type":"EntryPoint","urlTemplate":"https:\/\/nicolas-lambert.com\/?s={search_term_string}"},"query-input":"required name=search_term_string"}],"inLanguage":"en-GB"}]}},"_links":{"self":[{"href":"https:\/\/nicolas-lambert.com\/index.php\/wp-json\/wp\/v2\/pages\/16579"}],"collection":[{"href":"https:\/\/nicolas-lambert.com\/index.php\/wp-json\/wp\/v2\/pages"}],"about":[{"href":"https:\/\/nicolas-lambert.com\/index.php\/wp-json\/wp\/v2\/types\/page"}],"author":[{"embeddable":true,"href":"https:\/\/nicolas-lambert.com\/index.php\/wp-json\/wp\/v2\/users\/1"}],"replies":[{"embeddable":true,"href":"https:\/\/nicolas-lambert.com\/index.php\/wp-json\/wp\/v2\/comments?post=16579"}],"version-history":[{"count":41,"href":"https:\/\/nicolas-lambert.com\/index.php\/wp-json\/wp\/v2\/pages\/16579\/revisions"}],"predecessor-version":[{"id":16855,"href":"https:\/\/nicolas-lambert.com\/index.php\/wp-json\/wp\/v2\/pages\/16579\/revisions\/16855"}],"wp:attachment":[{"href":"https:\/\/nicolas-lambert.com\/index.php\/wp-json\/wp\/v2\/media?parent=16579"}],"curies":[{"name":"wp","href":"https:\/\/api.w.org\/{rel}","templated":true}]}}